{"id":836,"date":"2014-10-16T22:36:12","date_gmt":"2014-10-16T22:36:12","guid":{"rendered":"http:\/\/coiffeur.freevision.me\/?page_id=836"},"modified":"2016-06-07T21:38:40","modified_gmt":"2016-06-07T21:38:40","slug":"the-finish","status":"publish","type":"page","link":"https:\/\/www.coiffureken.ch\/?page_id=836","title":{"rendered":"HOCHZEITSERVICE"},"content":{"rendered":"<p>[vc_row][vc_column]<div style=\"height:20px\" class=\"ozy-spacer\"><\/div>[vc_column_text css=&#8220;.vc_custom_1465309025046{padding-top: 20px !important;}&#8220;]<\/p>\n<p style=\"text-align: left;\"><strong>Traumhochzeit<\/strong><\/p>\n<p style=\"text-align: left;\">F\u00fcr den sch\u00f6nsten Tag in Ihrem Leben sind alle Augen auf die Braut gerichtet, aber auch der Br\u00e4utigam sollte nicht vergessen werden! Deshalb bieten wir Ihnen unsere Erfahrung und Dienste an.<\/p>\n<p style=\"text-align: left;\">Lassen Sie sich von unseren Hochsteckfrisuren inspirieren. Wir verw\u00f6hnen Ihre Haut und k\u00fcmmern uns um Ihr perfektes Make-up.<\/p>\n<p style=\"text-align: left;\">Die Hochzeit\u00a0sollte der sch\u00f6nste Tag in Ihrem Leben werden &#8211; ein unvergessliches Ereignis, bei dem Sie bewunderter Mittelpunkt sind.<br \/>\nMit unserem Hochzeitsservice nach Ma\u00df k\u00f6nnen Sie Ihr Brautgl\u00fcck in v\u00f6lliger Unbeschwertheit und bester Stimmung genie\u00dfen!<\/p>\n<p style=\"text-align: left;\">Fragen Sie bei Interesse einfach im Salon nach unserem Hochzeitsservice.<\/p>\n<p>[\/vc_column_text][\/vc_column][\/vc_row]<\/p>\n","protected":false},"excerpt":{"rendered":"<p>[vc_row][vc_column][vc_column_text css=&#8220;.vc_custom_1465309025046{padding-top: 20px !important;}&#8220;] Traumhochzeit F\u00fcr den sch\u00f6nsten Tag in Ihrem Leben sind alle Augen auf die Braut gerichtet, aber auch der Br\u00e4utigam sollte nicht vergessen werden! Deshalb bieten wir [&hellip;]<\/p>\n","protected":false},"author":1,"featured_media":0,"parent":69,"menu_order":0,"comment_status":"open","ping_status":"open","template":"","meta":{"footnotes":""},"class_list":["post-836","page","type-page","status-publish","hentry"],"aioseo_notices":[],"_links":{"self":[{"href":"https:\/\/www.coiffureken.ch\/index.php?rest_route=\/wp\/v2\/pages\/836","targetHints":{"allow":["GET"]}}],"collection":[{"href":"https:\/\/www.coiffureken.ch\/index.php?rest_route=\/wp\/v2\/pages"}],"about":[{"href":"https:\/\/www.coiffureken.ch\/index.php?rest_route=\/wp\/v2\/types\/page"}],"author":[{"embeddable":true,"href":"https:\/\/www.coiffureken.ch\/index.php?rest_route=\/wp\/v2\/users\/1"}],"replies":[{"embeddable":true,"href":"https:\/\/www.coiffureken.ch\/index.php?rest_route=%2Fwp%2Fv2%2Fcomments&post=836"}],"version-history":[{"count":20,"href":"https:\/\/www.coiffureken.ch\/index.php?rest_route=\/wp\/v2\/pages\/836\/revisions"}],"predecessor-version":[{"id":1586,"href":"https:\/\/www.coiffureken.ch\/index.php?rest_route=\/wp\/v2\/pages\/836\/revisions\/1586"}],"up":[{"embeddable":true,"href":"https:\/\/www.coiffureken.ch\/index.php?rest_route=\/wp\/v2\/pages\/69"}],"wp:attachment":[{"href":"https:\/\/www.coiffureken.ch\/index.php?rest_route=%2Fwp%2Fv2%2Fmedia&parent=836"}],"curies":[{"name":"wp","href":"https:\/\/api.w.org\/{rel}","templated":true}]}}