{"id":822,"date":"2014-10-16T22:24:23","date_gmt":"2014-10-16T22:24:23","guid":{"rendered":"http:\/\/coiffeur.freevision.me\/?page_id=822"},"modified":"2016-06-05T12:19:54","modified_gmt":"2016-06-05T12:19:54","slug":"colour","status":"publish","type":"page","link":"https:\/\/www.coiffureken.ch\/?page_id=822","title":{"rendered":"HAARVERL\u00c4NGERUNG | HAARVERDICHTUNG"},"content":{"rendered":"<p>[vc_row][vc_column]<div style=\"height:20px\" class=\"ozy-spacer\"><\/div>[vc_column_text css=&#8220;.vc_custom_1465129189864{padding-top: 20px !important;}&#8220;]Der Traum vom perfekten langen Haar ist oftmals nur mit gro\u00dfen M\u00fchen zu erf\u00fcllen. Wer das erf\u00fcllen will, braucht Geduld. Meist ist es jedoch wegen Umweltfaktoren, Stress, chemische Behandlungen und vieles mehr nicht m\u00f6glich. Durch spezielle Behandlungen kann man den Zustand verbessern. Um lange gesunde Haare zu haben muss man immer wieder nachschneiden. Das Haar w\u00e4chst gerade mal um ca. 1 cm pro Monat. Nat\u00fcrlich spielt auch Veranlagung eine wichtige Rolle.<\/p>\n<p>Doch mit dem hochwertigen Echthaar zur Haarverl\u00e4ngerung und Haarverdichtung ist alles m\u00f6glich.\u2028\u2028Schneller und bequemer gehts mit einer Haarverl\u00e4ngerung. Diese ist vom nat\u00fcrlichen Eigenhaar praktisch nicht zu unterscheiden und erm\u00f6glicht es, in wenigen Stunden die Haarl\u00e4nge und -f\u00fclle so zu ver\u00e4ndern, dass fast jeden gew\u00fcnschten Frisuren Styling machbar ist.<\/p>\n<p><strong>Vereinbaren Sie noch heute Ihren\u00a0Haarverl\u00e4ngerungs-, Verdichtung Termin.<\/strong>[\/vc_column_text][\/vc_column][\/vc_row]<\/p>\n","protected":false},"excerpt":{"rendered":"<p>[vc_row][vc_column][vc_column_text css=&#8220;.vc_custom_1465129189864{padding-top: 20px !important;}&#8220;]Der Traum vom perfekten langen Haar ist oftmals nur mit gro\u00dfen M\u00fchen zu erf\u00fcllen. Wer das erf\u00fcllen will, braucht Geduld. Meist ist es jedoch wegen Umweltfaktoren, Stress, [&hellip;]<\/p>\n","protected":false},"author":1,"featured_media":0,"parent":69,"menu_order":0,"comment_status":"open","ping_status":"open","template":"","meta":{"footnotes":""},"class_list":["post-822","page","type-page","status-publish","hentry"],"aioseo_notices":[],"_links":{"self":[{"href":"https:\/\/www.coiffureken.ch\/index.php?rest_route=\/wp\/v2\/pages\/822","targetHints":{"allow":["GET"]}}],"collection":[{"href":"https:\/\/www.coiffureken.ch\/index.php?rest_route=\/wp\/v2\/pages"}],"about":[{"href":"https:\/\/www.coiffureken.ch\/index.php?rest_route=\/wp\/v2\/types\/page"}],"author":[{"embeddable":true,"href":"https:\/\/www.coiffureken.ch\/index.php?rest_route=\/wp\/v2\/users\/1"}],"replies":[{"embeddable":true,"href":"https:\/\/www.coiffureken.ch\/index.php?rest_route=%2Fwp%2Fv2%2Fcomments&post=822"}],"version-history":[{"count":15,"href":"https:\/\/www.coiffureken.ch\/index.php?rest_route=\/wp\/v2\/pages\/822\/revisions"}],"predecessor-version":[{"id":1512,"href":"https:\/\/www.coiffureken.ch\/index.php?rest_route=\/wp\/v2\/pages\/822\/revisions\/1512"}],"up":[{"embeddable":true,"href":"https:\/\/www.coiffureken.ch\/index.php?rest_route=\/wp\/v2\/pages\/69"}],"wp:attachment":[{"href":"https:\/\/www.coiffureken.ch\/index.php?rest_route=%2Fwp%2Fv2%2Fmedia&parent=822"}],"curies":[{"name":"wp","href":"https:\/\/api.w.org\/{rel}","templated":true}]}}