{"id":807,"date":"2014-10-16T21:48:54","date_gmt":"2014-10-16T21:48:54","guid":{"rendered":"http:\/\/coiffeur.freevision.me\/?page_id=807"},"modified":"2016-06-04T23:00:26","modified_gmt":"2016-06-04T23:00:26","slug":"haircut","status":"publish","type":"page","link":"https:\/\/www.coiffureken.ch\/?page_id=807","title":{"rendered":"HAARGL\u00c4TTUNG"},"content":{"rendered":"<p>[vc_row][vc_column]<div style=\"height:20px\" class=\"ozy-spacer\"><\/div>[vc_column_text css=&#8220;.vc_custom_1465081219694{padding-top: 20px !important;}&#8220;]Gute Beratung und die Zufriedenheit unserer Kunden ist das oberste Ziel. Wir sind immer auf dem neuesten Stand der Mode. Dauerhafte Haargl\u00e4ttung ist kein Traum mehr. Wer kennt es nicht? Stunden lang vor dem Spiegel mit dem Gl\u00e4tteisen Haare richten. Sie brauchen keine Gl\u00e4tteisen mehr. Durch die neue Methode sparen Sie jetzt viel Zeit. Es ist extrem wichtig das die Haargl\u00e4ttung professionell durchgef\u00fchrt wird. Bei uns im Salon wird jede Haargl\u00e4ttung mit Routine und Sorgfalt durchgef\u00fchrt. Bitte achten Sie darauf, das Sie nicht in allen Friseursalons so behandelt werden. Durch falsche Behandelung kann es z.B. Haarausfall, Haarbruch, bis hin zu kahlen Stellen f\u00fchren.<\/p>\n<p>Egal ob Sie lange, lockige oder gewellte Haare haben. Permanente Haargl\u00e4ttung kann auch f\u00fcr beanspruchtes Haar angewendet werden. Die Dauer des Gl\u00e4ttens h\u00e4ngt von der Struktur der Haare, sowie des gew\u00fcnschten Gl\u00e4ttungsgrades ab. Bevor wir mit permanente Haargl\u00e4ttung anfangen analysieren wir Ihr Haarzustand. Danach wird einmal gegl\u00e4ttet und das ganze h\u00e4lt 6\u201312 Monate lang. N\u00e4sse und Haarw\u00e4schen \u00fcbersteht die ganze Anwendung nat\u00fcrlich auch, das Haar bleibt solange glatt, bis das ganze Haar nachw\u00e4chst. Wir arbeiten ohne Ammoniak oder andere harsche Chemikalien. Somit erfolgt diese permanente Haargl\u00e4ttung so schonend wie m\u00f6glich. Und macht das Haar nicht kaputt.<\/p>\n<p><strong>Sie haben noch Fragen? Z\u00f6gern Sie bitte nicht, rufen Sie uns an +41 (0) 61 303 19 20. Wir sind Ihnen gerne behilflich.<\/strong>[\/vc_column_text][\/vc_column][\/vc_row]<\/p>\n","protected":false},"excerpt":{"rendered":"<p>[vc_row][vc_column][vc_column_text css=&#8220;.vc_custom_1465081219694{padding-top: 20px !important;}&#8220;]Gute Beratung und die Zufriedenheit unserer Kunden ist das oberste Ziel. Wir sind immer auf dem neuesten Stand der Mode. Dauerhafte Haargl\u00e4ttung ist kein Traum mehr. Wer [&hellip;]<\/p>\n","protected":false},"author":1,"featured_media":0,"parent":69,"menu_order":0,"comment_status":"open","ping_status":"open","template":"","meta":{"footnotes":""},"class_list":["post-807","page","type-page","status-publish","hentry"],"aioseo_notices":[],"_links":{"self":[{"href":"https:\/\/www.coiffureken.ch\/index.php?rest_route=\/wp\/v2\/pages\/807","targetHints":{"allow":["GET"]}}],"collection":[{"href":"https:\/\/www.coiffureken.ch\/index.php?rest_route=\/wp\/v2\/pages"}],"about":[{"href":"https:\/\/www.coiffureken.ch\/index.php?rest_route=\/wp\/v2\/types\/page"}],"author":[{"embeddable":true,"href":"https:\/\/www.coiffureken.ch\/index.php?rest_route=\/wp\/v2\/users\/1"}],"replies":[{"embeddable":true,"href":"https:\/\/www.coiffureken.ch\/index.php?rest_route=%2Fwp%2Fv2%2Fcomments&post=807"}],"version-history":[{"count":7,"href":"https:\/\/www.coiffureken.ch\/index.php?rest_route=\/wp\/v2\/pages\/807\/revisions"}],"predecessor-version":[{"id":1503,"href":"https:\/\/www.coiffureken.ch\/index.php?rest_route=\/wp\/v2\/pages\/807\/revisions\/1503"}],"up":[{"embeddable":true,"href":"https:\/\/www.coiffureken.ch\/index.php?rest_route=\/wp\/v2\/pages\/69"}],"wp:attachment":[{"href":"https:\/\/www.coiffureken.ch\/index.php?rest_route=%2Fwp%2Fv2%2Fmedia&parent=807"}],"curies":[{"name":"wp","href":"https:\/\/api.w.org\/{rel}","templated":true}]}}