{"id":71,"date":"2014-10-10T22:53:33","date_gmt":"2014-10-10T22:53:33","guid":{"rendered":"http:\/\/coiffeur.freevision.me\/?page_id=71"},"modified":"2019-11-15T08:26:06","modified_gmt":"2019-11-15T08:26:06","slug":"about","status":"publish","type":"page","link":"https:\/\/www.coiffureken.ch\/?page_id=71","title":{"rendered":"DIENSTLEISTUNGEN"},"content":{"rendered":"<p>[vc_row gap=&#8220;30&#8243;][vc_column width=&#8220;1\/2&#8243;][vc_row_inner][vc_column_inner]<div style=\"height:30px\" class=\"ozy-spacer\"><\/div>[\/vc_column_inner][\/vc_row_inner][vc_column_text]<strong>HAARSCHNITT &#8211; ALL INCLUSIVE<\/strong><br \/>\n<strong>Haarschnitt Damen<\/strong><\/p>\n<ul>\n<li>Formschnitt, intensive Beratung, Haar- und Kopfhautanalyse, Haarbad und F\u00f6nfrisur.<\/li>\n<li>Neuschnitt, typologische Beratung, Haar- und Kopfhautanalyse, Haarbad und F\u00f6nfrisur.<\/li>\n<\/ul>\n<p>&nbsp;<\/p>\n<p><strong>Haarschnitt Herren<\/strong><\/p>\n<ul>\n<li>Formschnitt, intensive Beratung, Haar- und Kopfhautdiagnose, Haarbad und Styling.<\/li>\n<li>Neuschnitt, typologische Beratung, Haar- und Kopfhautdiagnose, Haarbad und Styling.<\/li>\n<\/ul>\n<p>&nbsp;<\/p>\n<p><strong>Haarschnitt Kinder<\/strong><\/p>\n<ul>\n<li>Formschnitt, intensive Beratung, Haar- und Kopfhautanalyse und F\u00f6nfrisur.<\/li>\n<li>Neuschnitt, typologische Beratung, Haar- und Kopfhautanalyse und F\u00f6nfrisur.<\/li>\n<\/ul>\n<p>[\/vc_column_text][vc_column_text]<strong>HAARUMFORMUNG<\/strong><\/p>\n<p><strong>Dauerwelle<\/strong><\/p>\n<ul>\n<li>Intensive Beratung und professionelle Bearbeitung<\/li>\n<\/ul>\n<p>&nbsp;<\/p>\n<p><strong>Umformung<\/strong><\/p>\n<ul>\n<li>intensive Beratung und Styling Tipps f\u00fcr jedes Haar den perfekten Look<\/li>\n<\/ul>\n<p>&nbsp;<\/p>\n<p><strong>Haarverl\u00e4ngerung und Haarverdichtung<\/strong><\/p>\n<ul>\n<li>die Preisgestaltung einer Haarverl\u00e4ngerung &#8211; Haarverdichtung richtet sich nach der jeweiligen Menge und Haarl\u00e4nge der verwendeten Extensions.<\/li>\n<\/ul>\n<p>&nbsp;<\/p>\n<p><strong>Haargl\u00e4tung<\/strong><\/p>\n<ul>\n<li>die Preisgestaltung einer Haargl\u00e4tung richtet sich nach der jeweiligen Menge und Haarl\u00e4nge ab.<\/li>\n<\/ul>\n<p>[\/vc_column_text][\/vc_column][vc_column width=&#8220;1\/2&#8243;][vc_row_inner][vc_column_inner]<div style=\"height:30px\" class=\"ozy-spacer\"><\/div>[\/vc_column_inner][\/vc_row_inner][vc_column_text]<strong>SPEZIAL &#8211; HAARFARBE UND STR\u00c4HNEN<\/strong><\/p>\n<p><strong>Farbe<\/strong><\/p>\n<ul>\n<li>das geniale Haarfarb-Produkt von L\u2019Or\u00e9al, Majierel und INOA<\/li>\n<li>intensive Beratung und Typgerechte Haarfarbe<\/li>\n<\/ul>\n<p>&nbsp;<\/p>\n<p><strong>Str\u00e4hnen<\/strong><\/p>\n<ul>\n<li>intensive Beratung und Creativ &#8211; Str\u00e4hnen<\/li>\n<li>intensive Beratung und Folien &#8211; Str\u00e4hnen<\/li>\n<li>intensive Beratung und COIFFURE KEN &#8211; Str\u00e4hnen<\/li>\n<\/ul>\n<p>[\/vc_column_text][vc_column_text]<strong>SPEZIAL- LUXUSPFLEGE<\/strong><\/p>\n<p><strong>Pflege<\/strong><\/p>\n<ul>\n<li>Spezialbehandlungen f\u00fcr sch\u00f6nes, gl\u00e4nzendes Haar mit Proteinen und individuelle Haarpflege zur Gesunderhaltung<\/li>\n<\/ul>\n<p>&nbsp;<\/p>\n<p><strong>EXTRA SPEZIAL- SERVICE UND BERATUNG<\/strong><\/p>\n<p><b>Hochsteckfrisur<\/b><\/p>\n<ul>\n<li>Hochsteckfrisuren f\u00fcr jede Haarl\u00e4nge<\/li>\n<\/ul>\n<p>&nbsp;<\/p>\n<p><b>Brautfrisur<\/b><\/p>\n<ul>\n<li>Brautfrisuren f\u00fcr alle L\u00e4ngen: klassische Hochsteckfrisuren, elegante Flechtfrisuren und viele weitere Brautfrisuren f\u00fcr die Hochzeit<\/li>\n<\/ul>\n<p>[\/vc_column_text][\/vc_column][vc_column][\/vc_column][\/vc_row]<\/p>\n","protected":false},"excerpt":{"rendered":"<p>[vc_row gap=&#8220;30&#8243;][vc_column width=&#8220;1\/2&#8243;][vc_row_inner][vc_column_inner][\/vc_column_inner][\/vc_row_inner][vc_column_text]HAARSCHNITT &#8211; ALL INCLUSIVE Haarschnitt Damen Formschnitt, intensive Beratung, Haar- und Kopfhautanalyse, Haarbad und F\u00f6nfrisur. Neuschnitt, typologische Beratung, Haar- und Kopfhautanalyse, Haarbad und F\u00f6nfrisur. &nbsp; Haarschnitt Herren Formschnitt, [&hellip;]<\/p>\n","protected":false},"author":1,"featured_media":0,"parent":0,"menu_order":0,"comment_status":"open","ping_status":"open","template":"","meta":{"footnotes":""},"class_list":["post-71","page","type-page","status-publish","hentry"],"aioseo_notices":[],"_links":{"self":[{"href":"https:\/\/www.coiffureken.ch\/index.php?rest_route=\/wp\/v2\/pages\/71","targetHints":{"allow":["GET"]}}],"collection":[{"href":"https:\/\/www.coiffureken.ch\/index.php?rest_route=\/wp\/v2\/pages"}],"about":[{"href":"https:\/\/www.coiffureken.ch\/index.php?rest_route=\/wp\/v2\/types\/page"}],"author":[{"embeddable":true,"href":"https:\/\/www.coiffureken.ch\/index.php?rest_route=\/wp\/v2\/users\/1"}],"replies":[{"embeddable":true,"href":"https:\/\/www.coiffureken.ch\/index.php?rest_route=%2Fwp%2Fv2%2Fcomments&post=71"}],"version-history":[{"count":26,"href":"https:\/\/www.coiffureken.ch\/index.php?rest_route=\/wp\/v2\/pages\/71\/revisions"}],"predecessor-version":[{"id":1589,"href":"https:\/\/www.coiffureken.ch\/index.php?rest_route=\/wp\/v2\/pages\/71\/revisions\/1589"}],"wp:attachment":[{"href":"https:\/\/www.coiffureken.ch\/index.php?rest_route=%2Fwp%2Fv2%2Fmedia&parent=71"}],"curies":[{"name":"wp","href":"https:\/\/api.w.org\/{rel}","templated":true}]}}