{"id":691,"date":"2014-10-16T11:33:22","date_gmt":"2014-10-16T11:33:22","guid":{"rendered":"http:\/\/coiffeur.freevision.me\/?page_id=691"},"modified":"2016-06-14T21:59:14","modified_gmt":"2016-06-14T21:59:14","slug":"jordan","status":"publish","type":"page","link":"https:\/\/www.coiffureken.ch\/?page_id=691","title":{"rendered":"Kenan Kaman"},"content":{"rendered":"<p>[vc_row bg_parallax=&#8220;off&#8220; css=&#8220;.vc_custom_1413459419978{margin-top: 0px !important;padding-top: 70px !important;}&#8220;][vc_column width=&#8220;1\/3&#8243;][vc_single_image image=&#8220;679&#8243; img_size=&#8220;full&#8220; alignment=&#8220;center&#8220;][\/vc_column][vc_column width=&#8220;2\/3&#8243;][vc_column_text]<\/p>\n<h2>Kenan Kaman<\/h2>\n<h5><span style=\"color: #f33337;\">MASTER HAIR STYLIST \/ DAMEN UND HERREN<\/span><\/h5>\n<p>[\/vc_column_text][vc_separator][vc_column_text]<\/p>\n<p class=\"p1\"><span class=\"s1\">Spezialisiert auf trendige Damen- und Herrenhaarschnitte, au\u00dfergew\u00f6hnliche Str\u00e4hnen- und F\u00e4rbetechniken sowie atemberaubende Braut- und Hochsteck- frisuren und\u00a0 Echthaarverl\u00e4ngerungen\/ Verdichtungen. Ich berate Sie gerne auch \u00fcber Haargl\u00e4ttung.<\/span><\/p>\n<p>[\/vc_column_text][\/vc_column][\/vc_row]<\/p>\n","protected":false},"excerpt":{"rendered":"<p>[vc_row bg_parallax=&#8220;off&#8220; css=&#8220;.vc_custom_1413459419978{margin-top: 0px !important;padding-top: 70px !important;}&#8220;][vc_column width=&#8220;1\/3&#8243;][vc_single_image image=&#8220;679&#8243; img_size=&#8220;full&#8220; alignment=&#8220;center&#8220;][\/vc_column][vc_column width=&#8220;2\/3&#8243;][vc_column_text] Kenan Kaman MASTER HAIR STYLIST \/ DAMEN UND HERREN [\/vc_column_text][vc_separator][vc_column_text] Spezialisiert auf trendige Damen- und Herrenhaarschnitte, au\u00dfergew\u00f6hnliche Str\u00e4hnen- [&hellip;]<\/p>\n","protected":false},"author":1,"featured_media":0,"parent":77,"menu_order":0,"comment_status":"open","ping_status":"open","template":"","meta":{"footnotes":""},"class_list":["post-691","page","type-page","status-publish","hentry"],"aioseo_notices":[],"_links":{"self":[{"href":"https:\/\/www.coiffureken.ch\/index.php?rest_route=\/wp\/v2\/pages\/691","targetHints":{"allow":["GET"]}}],"collection":[{"href":"https:\/\/www.coiffureken.ch\/index.php?rest_route=\/wp\/v2\/pages"}],"about":[{"href":"https:\/\/www.coiffureken.ch\/index.php?rest_route=\/wp\/v2\/types\/page"}],"author":[{"embeddable":true,"href":"https:\/\/www.coiffureken.ch\/index.php?rest_route=\/wp\/v2\/users\/1"}],"replies":[{"embeddable":true,"href":"https:\/\/www.coiffureken.ch\/index.php?rest_route=%2Fwp%2Fv2%2Fcomments&post=691"}],"version-history":[{"count":3,"href":"https:\/\/www.coiffureken.ch\/index.php?rest_route=\/wp\/v2\/pages\/691\/revisions"}],"predecessor-version":[{"id":1604,"href":"https:\/\/www.coiffureken.ch\/index.php?rest_route=\/wp\/v2\/pages\/691\/revisions\/1604"}],"up":[{"embeddable":true,"href":"https:\/\/www.coiffureken.ch\/index.php?rest_route=\/wp\/v2\/pages\/77"}],"wp:attachment":[{"href":"https:\/\/www.coiffureken.ch\/index.php?rest_route=%2Fwp%2Fv2%2Fmedia&parent=691"}],"curies":[{"name":"wp","href":"https:\/\/api.w.org\/{rel}","templated":true}]}}